{"id":94,"date":"2021-07-18T08:40:27","date_gmt":"2021-07-18T08:40:27","guid":{"rendered":"https:\/\/demo.athemes.com\/botiga\/?post_type=product&#038;p=94"},"modified":"2026-03-09T11:32:11","modified_gmt":"2026-03-09T11:32:11","slug":"ultra-facial-moisturizing-cream-with-squalane-combination","status":"publish","type":"product","link":"https:\/\/mininina.mastermarketing.cloud\/?product=ultra-facial-moisturizing-cream-with-squalane-combination","title":{"rendered":"Collier Rosalia"},"content":{"rendered":"<p data-start=\"343\" data-end=\"462\">Le collier Rosalia m\u00eale symboles d\u00e9licats et touches de rouge profond dans une composition lumineuse et expressive.<\/p>\n<p data-start=\"464\" data-end=\"784\">Sa cha\u00eene dor\u00e9e \u00e0 maillons accueille plusieurs charms soigneusement assembl\u00e9s. Au centre, une croix sertie de pierres rouges attire imm\u00e9diatement le regard et devient la pi\u00e8ce centrale du bijou. Elle est accompagn\u00e9e d\u2019une m\u00e9daille de la Vierge Marie ainsi que d\u2019un pendentif \u00e9maill\u00e9 blanc orn\u00e9 d\u2019un motif floral discret.<\/p>\n<p data-start=\"786\" data-end=\"1026\">Autour de ces \u00e9l\u00e9ments symboliques, plusieurs d\u00e9tails viennent enrichir la composition : une petite croix blanche, une fleur sertie de pierres rouges et des perles d\u00e9coratives blanches et rouges qui apportent contraste et relief au collier.<\/p>\n<p data-start=\"1028\" data-end=\"1159\">Chaque charm cr\u00e9e un \u00e9quilibre entre symboles, couleur et lumi\u00e8re, donnant naissance \u00e0 une pi\u00e8ce expressive et pleine de caract\u00e8re.<\/p>\n<p data-start=\"1342\" data-end=\"1496\">Con\u00e7u en acier inoxydable dor\u00e9, le collier Rosalia est r\u00e9sistant \u00e0 l\u2019eau et ne noircit pas, ce qui permet de le porter tous les jours sans contrainte.<\/p>\n","protected":false},"excerpt":{"rendered":"<p data-start=\"1544\" data-end=\"1705\">Collier dor\u00e9 \u00e0 maillons orn\u00e9 de charms symboliques : croix avec pierres rouges, m\u00e9daille Vierge Marie, pendentif floral et perles d\u00e9coratives rouges et blanches.<\/p>\n<p data-start=\"1707\" data-end=\"1773\">Une pi\u00e8ce lumineuse qui m\u00eale symboles et touches de rouge profond.<\/p>\n<p data-start=\"1775\" data-end=\"1987\">\u2022 acier inoxydable dor\u00e9<br data-start=\"1798\" data-end=\"1801\" \/>\u2022 croix avec pierres rouges<br data-start=\"1828\" data-end=\"1831\" \/>\u2022 m\u00e9daille Vierge Marie<br data-start=\"1854\" data-end=\"1857\" \/>\u2022 pendentif floral \u00e9maill\u00e9<br data-start=\"1883\" data-end=\"1886\" \/>\u2022 perles d\u00e9coratives rouges et blanches<br data-start=\"1925\" data-end=\"1928\" \/>\u2022 fermoir r\u00e9glable<br data-start=\"1946\" data-end=\"1949\" \/>\u2022 r\u00e9sistant \u00e0 l\u2019eau<br data-start=\"1968\" data-end=\"1971\" \/>\u2022 ne noircit pas<\/p>\n","protected":false},"featured_media":767,"comment_status":"open","ping_status":"closed","template":"","meta":[],"product_brand":[],"product_cat":[27],"product_tag":[55,47,50,61,58],"class_list":{"0":"post-94","1":"product","2":"type-product","3":"status-publish","4":"has-post-thumbnail","6":"product_cat-intemporels","7":"product_tag-acier-inoxydable-dore","8":"product_tag-collier-charms","9":"product_tag-collier-croix","10":"product_tag-collier-pierre-rouge","11":"product_tag-collier-symbolique","13":"first","14":"instock","15":"shipping-taxable","16":"purchasable","17":"product-type-simple"},"jetpack_sharing_enabled":true,"_links":{"self":[{"href":"https:\/\/mininina.mastermarketing.cloud\/index.php?rest_route=\/wp\/v2\/product\/94","targetHints":{"allow":["GET"]}}],"collection":[{"href":"https:\/\/mininina.mastermarketing.cloud\/index.php?rest_route=\/wp\/v2\/product"}],"about":[{"href":"https:\/\/mininina.mastermarketing.cloud\/index.php?rest_route=\/wp\/v2\/types\/product"}],"replies":[{"embeddable":true,"href":"https:\/\/mininina.mastermarketing.cloud\/index.php?rest_route=%2Fwp%2Fv2%2Fcomments&post=94"}],"wp:featuredmedia":[{"embeddable":true,"href":"https:\/\/mininina.mastermarketing.cloud\/index.php?rest_route=\/wp\/v2\/media\/767"}],"wp:attachment":[{"href":"https:\/\/mininina.mastermarketing.cloud\/index.php?rest_route=%2Fwp%2Fv2%2Fmedia&parent=94"}],"wp:term":[{"taxonomy":"product_brand","embeddable":true,"href":"https:\/\/mininina.mastermarketing.cloud\/index.php?rest_route=%2Fwp%2Fv2%2Fproduct_brand&post=94"},{"taxonomy":"product_cat","embeddable":true,"href":"https:\/\/mininina.mastermarketing.cloud\/index.php?rest_route=%2Fwp%2Fv2%2Fproduct_cat&post=94"},{"taxonomy":"product_tag","embeddable":true,"href":"https:\/\/mininina.mastermarketing.cloud\/index.php?rest_route=%2Fwp%2Fv2%2Fproduct_tag&post=94"}],"curies":[{"name":"wp","href":"https:\/\/api.w.org\/{rel}","templated":true}]}}