{"id":81,"date":"2022-04-12T08:00:53","date_gmt":"2022-04-12T08:00:53","guid":{"rendered":"https:\/\/startersites.io\/blocksy\/home-decor\/?post_type=product&#038;p=81"},"modified":"2026-03-09T14:41:09","modified_gmt":"2026-03-09T14:41:09","slug":"quis-viverra","status":"publish","type":"product","link":"https:\/\/mininina.mastermarketing.cloud\/?product=quis-viverra","title":{"rendered":"Collier Maria"},"content":{"rendered":"<p data-start=\"310\" data-end=\"390\">Le collier Maria est une pi\u00e8ce symbolique qui m\u00eale \u00e9l\u00e9gance et spiritualit\u00e9.<\/p>\n<p data-start=\"392\" data-end=\"725\">Sa cha\u00eene dor\u00e9e \u00e0 maillons accueille plusieurs charms d\u00e9licatement dispos\u00e9s. Au centre, une croix sertie de pierres lumineuses devient naturellement le point d\u2019\u00e9quilibre du bijou. Elle est entour\u00e9e de plusieurs m\u00e9dailles repr\u00e9sentant la Vierge Marie, dont certaines sont \u00e9maill\u00e9es de rose et d\u2019autres entour\u00e9es de pierres brillantes.<\/p>\n<p data-start=\"727\" data-end=\"845\">De petits pendentifs sertis de pierres viennent compl\u00e9ter la composition et apportent lumi\u00e8re et mouvement au collier.<\/p>\n<p data-start=\"847\" data-end=\"947\">L\u2019ensemble cr\u00e9e un bijou expressif, riche en symboles, qui attire le regard tout en restant \u00e9l\u00e9gant.<\/p>\n<p data-start=\"949\" data-end=\"1108\">Chez Mininina, chaque bijou est pens\u00e9 comme un d\u00e9tail personnel. Une pi\u00e8ce que l\u2019on choisit parce qu\u2019elle a du sens, ou simplement parce qu\u2019on s\u2019y attache.<\/p>\n<p data-start=\"1110\" data-end=\"1247\">Con\u00e7u en acier inoxydable dor\u00e9, le collier Maria est r\u00e9sistant \u00e0 l\u2019eau et pens\u00e9 pour \u00eatre port\u00e9 tous les jours sans perdre son \u00e9clat.<\/p>\n","protected":false},"excerpt":{"rendered":"<p data-start=\"1295\" data-end=\"1419\">Collier dor\u00e9 \u00e0 maillons orn\u00e9 de charms symboliques : croix sertie de pierres, m\u00e9dailles Vierge Marie et pendentifs lumineux.<\/p>\n<p data-start=\"1421\" data-end=\"1497\">Un bijou expressif et symbolique qui associe \u00e9clat dor\u00e9 et d\u00e9tails d\u00e9licats.<\/p>\n<p data-start=\"1499\" data-end=\"1672\">\u2022 acier inoxydable dor\u00e9<br data-start=\"1522\" data-end=\"1525\" \/>\u2022 croix sertie de pierres<br data-start=\"1550\" data-end=\"1553\" \/>\u2022 m\u00e9dailles Vierge Marie<br data-start=\"1577\" data-end=\"1580\" \/>\u2022 pendentifs d\u00e9coratifs sertis<br data-start=\"1610\" data-end=\"1613\" \/>\u2022 fermoir r\u00e9glable<br data-start=\"1631\" data-end=\"1634\" \/>\u2022 r\u00e9sistant \u00e0 l\u2019eau<br data-start=\"1653\" data-end=\"1656\" \/>\u2022 ne noircit pas<\/p>\n","protected":false},"featured_media":779,"comment_status":"open","ping_status":"closed","template":"","meta":[],"product_brand":[],"product_cat":[35],"product_tag":[55,47,50,58,64],"class_list":{"0":"post-81","1":"product","2":"type-product","3":"status-publish","4":"has-post-thumbnail","6":"product_cat-collection-ete","7":"product_tag-acier-inoxydable-dore","8":"product_tag-collier-charms","9":"product_tag-collier-croix","10":"product_tag-collier-symbolique","11":"product_tag-collier-vierge-marie","13":"first","14":"instock","15":"shipping-taxable","16":"purchasable","17":"product-type-simple"},"jetpack_sharing_enabled":true,"_links":{"self":[{"href":"https:\/\/mininina.mastermarketing.cloud\/index.php?rest_route=\/wp\/v2\/product\/81","targetHints":{"allow":["GET"]}}],"collection":[{"href":"https:\/\/mininina.mastermarketing.cloud\/index.php?rest_route=\/wp\/v2\/product"}],"about":[{"href":"https:\/\/mininina.mastermarketing.cloud\/index.php?rest_route=\/wp\/v2\/types\/product"}],"replies":[{"embeddable":true,"href":"https:\/\/mininina.mastermarketing.cloud\/index.php?rest_route=%2Fwp%2Fv2%2Fcomments&post=81"}],"wp:featuredmedia":[{"embeddable":true,"href":"https:\/\/mininina.mastermarketing.cloud\/index.php?rest_route=\/wp\/v2\/media\/779"}],"wp:attachment":[{"href":"https:\/\/mininina.mastermarketing.cloud\/index.php?rest_route=%2Fwp%2Fv2%2Fmedia&parent=81"}],"wp:term":[{"taxonomy":"product_brand","embeddable":true,"href":"https:\/\/mininina.mastermarketing.cloud\/index.php?rest_route=%2Fwp%2Fv2%2Fproduct_brand&post=81"},{"taxonomy":"product_cat","embeddable":true,"href":"https:\/\/mininina.mastermarketing.cloud\/index.php?rest_route=%2Fwp%2Fv2%2Fproduct_cat&post=81"},{"taxonomy":"product_tag","embeddable":true,"href":"https:\/\/mininina.mastermarketing.cloud\/index.php?rest_route=%2Fwp%2Fv2%2Fproduct_tag&post=81"}],"curies":[{"name":"wp","href":"https:\/\/api.w.org\/{rel}","templated":true}]}}