{"id":581,"date":"2021-07-18T08:40:56","date_gmt":"2021-07-18T08:40:56","guid":{"rendered":"https:\/\/demo.athemes.com\/botiga\/?post_type=product&#038;p=96"},"modified":"2026-03-09T09:51:30","modified_gmt":"2026-03-09T09:51:30","slug":"vinopure-pore-purifying-gel-cleanser-salicylic-acid-combination","status":"publish","type":"product","link":"https:\/\/mininina.mastermarketing.cloud\/?product=vinopure-pore-purifying-gel-cleanser-salicylic-acid-combination","title":{"rendered":"Collier Celestina"},"content":{"rendered":"<p data-start=\"415\" data-end=\"507\">Le collier Celestina m\u00eale \u00e9clat dor\u00e9, pierres bleues lumineuses et symboles protecteurs.<\/p>\n<p data-start=\"509\" data-end=\"712\">Au centre du bijou, une croix sertie de pierres bleues capte la lumi\u00e8re et attire naturellement le regard. En son c\u0153ur, une m\u00e9daille de la Vierge Marie vient renforcer la dimension symbolique du collier.<\/p>\n<p data-start=\"714\" data-end=\"979\">Autour de la pi\u00e8ce centrale, plusieurs charms viennent compl\u00e9ter la composition : une m\u00e9daille \u00e9maill\u00e9e repr\u00e9sentant la Vierge Marie, un tr\u00e8fle serti de pierres brillantes ainsi que deux pierres bleues facett\u00e9es qui apportent de la couleur et du mouvement au bijou.<\/p>\n<p data-start=\"981\" data-end=\"1137\">La cha\u00eene dor\u00e9e \u00e0 maillons donne de la pr\u00e9sence au collier tout en restant \u00e9l\u00e9gante. L\u2019ensemble cr\u00e9e une pi\u00e8ce expressive, lumineuse et pleine de caract\u00e8re.<\/p>\n<p data-start=\"1322\" data-end=\"1439\">R\u00e9alis\u00e9 en acier inoxydable dor\u00e9, le collier Celestina r\u00e9siste \u00e0 l\u2019eau et au temps, tout en conservant son \u00e9clat.<\/p>\n","protected":false},"excerpt":{"rendered":"<p data-start=\"1487\" data-end=\"1634\">Collier dor\u00e9 \u00e0 maillons orn\u00e9 de charms symboliques : croix avec pierres bleues, m\u00e9dailles Vierge Marie, tr\u00e8fle serti et pierres bleues d\u00e9coratives.<\/p>\n<p data-start=\"1636\" data-end=\"1702\">Un bijou lumineux qui associe symboles et touches de bleu profond.<\/p>\n<p data-start=\"1704\" data-end=\"1903\">\u2022 acier inoxydable dor\u00e9<br data-start=\"1727\" data-end=\"1730\" \/>\u2022 croix avec pierres bleues<br data-start=\"1757\" data-end=\"1760\" \/>\u2022 m\u00e9dailles Vierge Marie<br data-start=\"1784\" data-end=\"1787\" \/>\u2022 tr\u00e8fle serti de pierres<br data-start=\"1812\" data-end=\"1815\" \/>\u2022 pierres bleues facett\u00e9es<br data-start=\"1841\" data-end=\"1844\" \/>\u2022 fermoir r\u00e9glable<br data-start=\"1862\" data-end=\"1865\" \/>\u2022 r\u00e9sistant \u00e0 l\u2019eau<br data-start=\"1884\" data-end=\"1887\" \/>\u2022 ne noircit pas<\/p>\n","protected":false},"featured_media":766,"comment_status":"open","ping_status":"closed","template":"","meta":[],"product_brand":[],"product_cat":[27],"product_tag":[55,47,50,60,58],"class_list":{"0":"post-581","1":"product","2":"type-product","3":"status-publish","4":"has-post-thumbnail","6":"product_cat-intemporels","7":"product_tag-acier-inoxydable-dore","8":"product_tag-collier-charms","9":"product_tag-collier-croix","10":"product_tag-collier-pierre-bleue","11":"product_tag-collier-symbolique","13":"first","14":"instock","15":"shipping-taxable","16":"purchasable","17":"product-type-simple"},"jetpack_sharing_enabled":true,"_links":{"self":[{"href":"https:\/\/mininina.mastermarketing.cloud\/index.php?rest_route=\/wp\/v2\/product\/581","targetHints":{"allow":["GET"]}}],"collection":[{"href":"https:\/\/mininina.mastermarketing.cloud\/index.php?rest_route=\/wp\/v2\/product"}],"about":[{"href":"https:\/\/mininina.mastermarketing.cloud\/index.php?rest_route=\/wp\/v2\/types\/product"}],"replies":[{"embeddable":true,"href":"https:\/\/mininina.mastermarketing.cloud\/index.php?rest_route=%2Fwp%2Fv2%2Fcomments&post=581"}],"wp:featuredmedia":[{"embeddable":true,"href":"https:\/\/mininina.mastermarketing.cloud\/index.php?rest_route=\/wp\/v2\/media\/766"}],"wp:attachment":[{"href":"https:\/\/mininina.mastermarketing.cloud\/index.php?rest_route=%2Fwp%2Fv2%2Fmedia&parent=581"}],"wp:term":[{"taxonomy":"product_brand","embeddable":true,"href":"https:\/\/mininina.mastermarketing.cloud\/index.php?rest_route=%2Fwp%2Fv2%2Fproduct_brand&post=581"},{"taxonomy":"product_cat","embeddable":true,"href":"https:\/\/mininina.mastermarketing.cloud\/index.php?rest_route=%2Fwp%2Fv2%2Fproduct_cat&post=581"},{"taxonomy":"product_tag","embeddable":true,"href":"https:\/\/mininina.mastermarketing.cloud\/index.php?rest_route=%2Fwp%2Fv2%2Fproduct_tag&post=581"}],"curies":[{"name":"wp","href":"https:\/\/api.w.org\/{rel}","templated":true}]}}