{"id":421,"date":"2022-04-18T12:27:48","date_gmt":"2022-04-18T12:27:48","guid":{"rendered":"https:\/\/startersites.io\/blocksy\/home-decor\/?post_type=product&#038;p=421"},"modified":"2026-03-09T11:57:11","modified_gmt":"2026-03-09T11:57:11","slug":"magna-fringilla","status":"publish","type":"product","link":"https:\/\/mininina.mastermarketing.cloud\/?product=magna-fringilla","title":{"rendered":"Collier Stella"},"content":{"rendered":"<p data-start=\"391\" data-end=\"462\">Le collier Stella s\u2019inspire de la lumi\u00e8re et des symboles c\u00e9lestes.<\/p>\n<p data-start=\"464\" data-end=\"681\">Sa cha\u00eene dor\u00e9e \u00e0 maillons accueille plusieurs charms d\u00e9licats qui cr\u00e9ent une composition lumineuse et \u00e9l\u00e9gante. Deux \u00e9toiles dor\u00e9es serties d\u2019une pierre centrale ros\u00e9e captent la lumi\u00e8re et donnent au bijou tout son \u00e9clat.<\/p>\n<p data-start=\"683\" data-end=\"932\">Au centre du collier, une croix sertie de pierres brillantes apporte une touche symbolique et raffin\u00e9e. Autour de ces \u00e9l\u00e9ments, plusieurs pierres naturelles bleues facett\u00e9es viennent ponctuer la cha\u00eene et ajouter de la couleur et du mouvement \u00e0 la composition.<\/p>\n<p data-start=\"934\" data-end=\"1006\">L\u2019ensemble cr\u00e9e un \u00e9quilibre entre lumi\u00e8re, symboles et d\u00e9tails color\u00e9s.<\/p>\n<p data-start=\"1188\" data-end=\"1328\">R\u00e9alis\u00e9 en acier inoxydable dor\u00e9, le collier Stella est r\u00e9sistant \u00e0 l\u2019eau et con\u00e7u pour \u00eatre port\u00e9 tous les jours sans perdre son \u00e9clat.<\/p>\n","protected":false},"excerpt":{"rendered":"<p data-start=\"1376\" data-end=\"1498\">Collier dor\u00e9 \u00e0 maillons orn\u00e9 de charms c\u00e9lestes : \u00e9toiles lumineuses, croix sertie de pierres et pierres bleues facett\u00e9es.<\/p>\n<p data-start=\"1500\" data-end=\"1563\">Une pi\u00e8ce d\u00e9licate et lumineuse inspir\u00e9e des symboles c\u00e9lestes.<\/p>\n<p data-start=\"1565\" data-end=\"1726\">\u2022 acier inoxydable dor\u00e9<br data-start=\"1588\" data-end=\"1591\" \/>\u2022 croix sertie de pierres<br data-start=\"1616\" data-end=\"1619\" \/>\u2022 charms \u00e9toiles<br data-start=\"1635\" data-end=\"1638\" \/>\u2022 pierres bleues facett\u00e9es<br data-start=\"1664\" data-end=\"1667\" \/>\u2022 fermoir r\u00e9glable<br data-start=\"1685\" data-end=\"1688\" \/>\u2022 r\u00e9sistant \u00e0 l\u2019eau<br data-start=\"1707\" data-end=\"1710\" \/>\u2022 ne noircit pas<\/p>\n","protected":false},"featured_media":771,"comment_status":"open","ping_status":"closed","template":"","meta":[],"product_brand":[],"product_cat":[35],"product_tag":[55,47,50,62,63],"class_list":{"0":"post-421","1":"product","2":"type-product","3":"status-publish","4":"has-post-thumbnail","6":"product_cat-collection-ete","7":"product_tag-acier-inoxydable-dore","8":"product_tag-collier-charms","9":"product_tag-collier-croix","10":"product_tag-collier-etoile","11":"product_tag-collier-pierre-naturelle-bleue","13":"first","14":"instock","15":"shipping-taxable","16":"purchasable","17":"product-type-simple"},"jetpack_sharing_enabled":true,"_links":{"self":[{"href":"https:\/\/mininina.mastermarketing.cloud\/index.php?rest_route=\/wp\/v2\/product\/421","targetHints":{"allow":["GET"]}}],"collection":[{"href":"https:\/\/mininina.mastermarketing.cloud\/index.php?rest_route=\/wp\/v2\/product"}],"about":[{"href":"https:\/\/mininina.mastermarketing.cloud\/index.php?rest_route=\/wp\/v2\/types\/product"}],"replies":[{"embeddable":true,"href":"https:\/\/mininina.mastermarketing.cloud\/index.php?rest_route=%2Fwp%2Fv2%2Fcomments&post=421"}],"wp:featuredmedia":[{"embeddable":true,"href":"https:\/\/mininina.mastermarketing.cloud\/index.php?rest_route=\/wp\/v2\/media\/771"}],"wp:attachment":[{"href":"https:\/\/mininina.mastermarketing.cloud\/index.php?rest_route=%2Fwp%2Fv2%2Fmedia&parent=421"}],"wp:term":[{"taxonomy":"product_brand","embeddable":true,"href":"https:\/\/mininina.mastermarketing.cloud\/index.php?rest_route=%2Fwp%2Fv2%2Fproduct_brand&post=421"},{"taxonomy":"product_cat","embeddable":true,"href":"https:\/\/mininina.mastermarketing.cloud\/index.php?rest_route=%2Fwp%2Fv2%2Fproduct_cat&post=421"},{"taxonomy":"product_tag","embeddable":true,"href":"https:\/\/mininina.mastermarketing.cloud\/index.php?rest_route=%2Fwp%2Fv2%2Fproduct_tag&post=421"}],"curies":[{"name":"wp","href":"https:\/\/api.w.org\/{rel}","templated":true}]}}